{"id":7770,"date":"2019-09-10T17:22:20","date_gmt":"2019-09-10T15:22:20","guid":{"rendered":"https:\/\/curiosifymagazine.com\/?page_id=7770"},"modified":"2019-09-10T17:22:21","modified_gmt":"2019-09-10T15:22:21","slug":"politique-de-confidentialite-et-cookies","status":"publish","type":"page","link":"https:\/\/curiosifymagazine.com\/fr\/politique-de-confidentialite-et-cookies\/","title":{"rendered":"Politique de confidentialit\u00e9 et cookies"},"content":{"rendered":"\n<p>Pour faciliter la navigation de la Plateforme par les utilisateurs, CURIOSIFY utilise des cookies et d\u2019autres m\u00e9thodes de stockage aux fonctionnalit\u00e9s similaires (ci-apr\u00e8s d\u00e9nomm\u00e9 \u00abCookies\u00bb). Les cookies sont de petits \u00e9l\u00e9ments d\u2019information enregistr\u00e9s sur l\u2019appareil \u00e0 partir duquel le service est utilis\u00e9 et qui permettent \u00e0 CURIOSIFY de fournir certains services, tels que la possibilit\u00e9 de se rappeler de certains aspects de votre recherche de contenu la plus r\u00e9cente afin d\u2019acc\u00e9l\u00e9rer les recherches ult\u00e9rieures. Les cookies peuvent \u00eatre supprim\u00e9s de votre appareil si vous le souhaitez. La plupart des navigateurs acceptent automatiquement les cookies. Cependant, vous pouvez modifier les param\u00e8tres de votre appareil pour emp\u00eacher l&rsquo;enregistrement de cookies ou pour supprimer les cookies d\u00e9j\u00e0 pr\u00e9sents sur votre appareil. La plupart des services de notre site Web peuvent \u00eatre utilis\u00e9s sans cookies. CURIOSIFY utilise ses propres cookies et des cookies tiers comme suit:<br>Cookies strictement n\u00e9cessaires pour fournir un service express\u00e9ment demand\u00e9 par l&rsquo;utilisateur: CURIOSIFY utilise plus particuli\u00e8rement les cookies n\u00e9cessaires pour enregistrer le login d&rsquo;un utilisateur.<br>Cookies de session: Ces cookies sont enregistr\u00e9s et valides pour une p\u00e9riode de temps d\u00e9termin\u00e9e, c&rsquo;est-\u00e0-dire jusqu&rsquo;\u00e0 ce que l&rsquo;utilisateur quitte la navigation ou utilise le service. Ces cookies ne sauvegardent aucune information de mani\u00e8re permanente sur votre appareil.<br>Cookies de navigation: l&rsquo;objectif principal de ces cookies est d&rsquo;\u00e9viter de vous proposer des recommandations sans rapport avec vos centres d&rsquo;int\u00e9r\u00eat, mais \u00e9galement de vous proposer des offres commerciales cibl\u00e9es et personnalis\u00e9es.<br>Les cookies de navigation fonctionnent en suivant temporairement votre navigation sur Internet. Vous pouvez supprimer ce type de cookies avant de d\u00e9marrer une session de navigation dans le service.<br>Cookies statistiques ou cookies d&rsquo;analyse: ces cookies fournissent les informations suivantes: Dates et heures de vos visites, et votre acc\u00e8s au contenu lors de vos visites au site.<br>Ces cookies sont con\u00e7us pour personnaliser le service, am\u00e9liorer l&rsquo;exp\u00e9rience utilisateur, cr\u00e9er des profils distincts de l&rsquo;activit\u00e9 des utilisateurs sur les sites Web et g\u00e9n\u00e9rer des statistiques sur l&rsquo;activit\u00e9 des utilisateurs sur la plate-forme. Cela nous permet de concentrer nos efforts sur l&rsquo;am\u00e9lioration des zones les plus visit\u00e9es par les utilisateurs et d&rsquo;aider ceux-ci \u00e0 trouver plus rapidement ce dont ils ont besoin.<br>CURIOSIFY peut utiliser les informations concernant votre visite pour effectuer des \u00e9valuations et g\u00e9n\u00e9rer des statistiques en utilisant des donn\u00e9es anonymes ainsi que pour vous assurer un service ininterrompu ou pour apporter des am\u00e9liorations au service offert. Ces informations ne seront utilis\u00e9es pour aucune autre raison. Tous ces objectifs sont consid\u00e9r\u00e9s non intrusifs dans la vie personnelle et priv\u00e9e de l&rsquo;Utilisateur.<br>Cookies de r\u00e9seaux sociaux: notamment les badges Twitter et Facebook Connect, qui contr\u00f4lent les interactions avec les widgets de ces r\u00e9seaux sociaux externes. Gr\u00e2ce \u00e0 l&rsquo;utilisation de plugins sociaux, la plate-forme interagit avec les r\u00e9seaux Twitter, Facebook et Pinterest pour vous permettre de partager du contenu que vous trouvez int\u00e9ressant avec vos cercles sociaux. De plus, l&rsquo;utilisation de plugins sociaux vous \u00e9vite de devoir fournir \u00e0 la plate-forme vos informations de connexion personnelles pour r\u00e9cup\u00e9rer des informations d\u00e9j\u00e0 partag\u00e9es dans le cadre desdits r\u00e9seaux sociaux. Cookies tiers pour le marketing comportemental \/ le ciblage: ces cookies sont utilis\u00e9s par des soci\u00e9t\u00e9s tierces de confiance pour cibler les utilisateurs enregistr\u00e9s ou non enregistr\u00e9s ayant d\u00e9j\u00e0 interagi avec le service ou visit\u00e9 celui-ci par tout moyen \u00e9lectronique.<\/p>\n\n\n\n<p>Politique de confidentialit\u00e9 et cookiesLes cookies tiers n&rsquo;obtiennent aucune information concernant les noms des utilisateurs ou l&rsquo;adresse \u00e0 partir de laquelle ils se connectent. Les informations enregistr\u00e9es comprennent, par exemple, l&rsquo;adresse IP des utilisateurs auxquels ils ont acc\u00e8s, le nombre de visites de pages, la langue, la ville o\u00f9 l&rsquo;adresse IP de l&rsquo;utilisateur est attribu\u00e9e, le nombre d&rsquo;utilisateurs qui nous visitent et la fr\u00e9quence ou r\u00e9p\u00e9tition de leurs visites. CURIOSIFY peut ainsi diffuser ses derni\u00e8res offres sur les diff\u00e9rents sites Web affili\u00e9s, surveiller la campagne publicitaire et diffuser des publicit\u00e9s adapt\u00e9es aux pr\u00e9f\u00e9rences de ses utilisateurs. Vous pouvez configurer votre navigateur pour accepter ou refuser tous les cookies par d\u00e9faut, ou pour recevoir une notification \u00e0 l&rsquo;\u00e9cran chaque fois qu&rsquo;une demande de cookie est faite. Vous pouvez alors d\u00e9cider d&rsquo;autoriser ou non l&rsquo;enregistrement des cookies sur votre disque dur. Pour cela, nous vous recommandons de consulter la section d&rsquo;aide de votre navigateur pour savoir comment modifier les param\u00e8tres que vous utilisez actuellement. Si vous d\u00e9cidez de rejeter tous les cookies, vous pourrez continuer \u00e0 naviguer sur la plate-forme, mais votre acc\u00e8s \u00e0 certaines sections pourrait \u00eatre limit\u00e9.<br>Pour plus d&rsquo;informations sur la gestion des cookies, nous vous recommandons de visiter <a href=\"http:\/\/www.aboutcookies.org\/\">http:\/\/www.aboutcookies.org<\/a><\/p>\n","protected":false},"excerpt":{"rendered":"<p>Pour faciliter la navigation de la Plateforme par les utilisateurs, CURIOSIFY utilise des cookies et d\u2019autres m\u00e9thodes de stockage aux fonctionnalit\u00e9s similaires (ci-apr\u00e8s d\u00e9nomm\u00e9 \u00abCookies\u00bb). Les cookies sont de petits \u00e9l\u00e9ments d\u2019information enregistr\u00e9s sur l\u2019appareil \u00e0 partir duquel le service est utilis\u00e9 et qui permettent \u00e0 CURIOSIFY de fournir certains services, tels que la possibilit\u00e9 [&hellip;]<\/p>\n","protected":false},"author":1,"featured_media":0,"parent":0,"menu_order":0,"comment_status":"closed","ping_status":"closed","template":"","meta":{"_genesis_hide_title":false,"_genesis_hide_breadcrumbs":false,"_genesis_hide_singular_image":false,"_genesis_hide_footer_widgets":false,"_genesis_custom_body_class":"","_genesis_custom_post_class":"","_genesis_layout":"","footnotes":""},"class_list":{"0":"post-7770","1":"page","2":"type-page","3":"status-publish","5":"entry"},"yoast_head":"<!-- This site is optimized with the Yoast SEO plugin v20.8 - https:\/\/yoast.com\/wordpress\/plugins\/seo\/ -->\n<title>Politique de confidentialit\u00e9 et cookies - Curiosify<\/title>\n<meta name=\"robots\" content=\"index, follow, max-snippet:-1, max-image-preview:large, max-video-preview:-1\" \/>\n<link rel=\"canonical\" href=\"https:\/\/curiosifymagazine.com\/fr\/politique-de-confidentialite-et-cookies\/\" \/>\n<meta property=\"og:locale\" content=\"fr_FR\" \/>\n<meta property=\"og:type\" content=\"article\" \/>\n<meta property=\"og:title\" content=\"Politique de confidentialit\u00e9 et cookies - Curiosify\" \/>\n<meta property=\"og:description\" content=\"Pour faciliter la navigation de la Plateforme par les utilisateurs, CURIOSIFY utilise des cookies et d\u2019autres m\u00e9thodes de stockage aux fonctionnalit\u00e9s similaires (ci-apr\u00e8s d\u00e9nomm\u00e9 \u00abCookies\u00bb). Les cookies sont de petits \u00e9l\u00e9ments d\u2019information enregistr\u00e9s sur l\u2019appareil \u00e0 partir duquel le service est utilis\u00e9 et qui permettent \u00e0 CURIOSIFY de fournir certains services, tels que la possibilit\u00e9 [&hellip;]\" \/>\n<meta property=\"og:url\" content=\"https:\/\/curiosifymagazine.com\/fr\/politique-de-confidentialite-et-cookies\/\" \/>\n<meta property=\"og:site_name\" content=\"Curiosify\" \/>\n<meta property=\"article:modified_time\" content=\"2019-09-10T15:22:21+00:00\" \/>\n<meta name=\"twitter:card\" content=\"summary_large_image\" \/>\n<meta name=\"twitter:label1\" content=\"Dur\u00e9e de lecture estim\u00e9e\" \/>\n\t<meta name=\"twitter:data1\" content=\"4 minutes\" \/>\n<script type=\"application\/ld+json\" class=\"yoast-schema-graph\">{\"@context\":\"https:\/\/schema.org\",\"@graph\":[{\"@type\":\"WebPage\",\"@id\":\"https:\/\/curiosifymagazine.com\/fr\/politique-de-confidentialite-et-cookies\/\",\"url\":\"https:\/\/curiosifymagazine.com\/fr\/politique-de-confidentialite-et-cookies\/\",\"name\":\"Politique de confidentialit\u00e9 et cookies - Curiosify\",\"isPartOf\":{\"@id\":\"https:\/\/curiosifymagazine.com\/fr\/#website\"},\"datePublished\":\"2019-09-10T15:22:20+00:00\",\"dateModified\":\"2019-09-10T15:22:21+00:00\",\"breadcrumb\":{\"@id\":\"https:\/\/curiosifymagazine.com\/fr\/politique-de-confidentialite-et-cookies\/#breadcrumb\"},\"inLanguage\":\"fr-FR\",\"potentialAction\":[{\"@type\":\"ReadAction\",\"target\":[\"https:\/\/curiosifymagazine.com\/fr\/politique-de-confidentialite-et-cookies\/\"]}]},{\"@type\":\"BreadcrumbList\",\"@id\":\"https:\/\/curiosifymagazine.com\/fr\/politique-de-confidentialite-et-cookies\/#breadcrumb\",\"itemListElement\":[{\"@type\":\"ListItem\",\"position\":1,\"name\":\"Portada\",\"item\":\"https:\/\/curiosifymagazine.com\/fr\/\"},{\"@type\":\"ListItem\",\"position\":2,\"name\":\"Politique de confidentialit\u00e9 et cookies\"}]},{\"@type\":\"WebSite\",\"@id\":\"https:\/\/curiosifymagazine.com\/fr\/#website\",\"url\":\"https:\/\/curiosifymagazine.com\/fr\/\",\"name\":\"Curiosify\",\"description\":\"Actualit\u00e9s curieuses \u00e0 gogo\",\"publisher\":{\"@id\":\"https:\/\/curiosifymagazine.com\/fr\/#organization\"},\"potentialAction\":[{\"@type\":\"SearchAction\",\"target\":{\"@type\":\"EntryPoint\",\"urlTemplate\":\"https:\/\/curiosifymagazine.com\/fr\/?s={search_term_string}\"},\"query-input\":\"required name=search_term_string\"}],\"inLanguage\":\"fr-FR\"},{\"@type\":\"Organization\",\"@id\":\"https:\/\/curiosifymagazine.com\/fr\/#organization\",\"name\":\"Curiosify Magazine\",\"url\":\"https:\/\/curiosifymagazine.com\/fr\/\",\"logo\":{\"@type\":\"ImageObject\",\"inLanguage\":\"fr-FR\",\"@id\":\"https:\/\/curiosifymagazine.com\/fr\/#\/schema\/logo\/image\/\",\"url\":\"https:\/\/curiosifymagazine.com\/wp-content\/uploads\/2019\/07\/logocuriosifynew2.png\",\"contentUrl\":\"https:\/\/curiosifymagazine.com\/wp-content\/uploads\/2019\/07\/logocuriosifynew2.png\",\"width\":511,\"height\":78,\"caption\":\"Curiosify Magazine\"},\"image\":{\"@id\":\"https:\/\/curiosifymagazine.com\/fr\/#\/schema\/logo\/image\/\"}}]}<\/script>\n<!-- \/ Yoast SEO plugin. -->","yoast_head_json":{"title":"Politique de confidentialit\u00e9 et cookies - Curiosify","robots":{"index":"index","follow":"follow","max-snippet":"max-snippet:-1","max-image-preview":"max-image-preview:large","max-video-preview":"max-video-preview:-1"},"canonical":"https:\/\/curiosifymagazine.com\/fr\/politique-de-confidentialite-et-cookies\/","og_locale":"fr_FR","og_type":"article","og_title":"Politique de confidentialit\u00e9 et cookies - Curiosify","og_description":"Pour faciliter la navigation de la Plateforme par les utilisateurs, CURIOSIFY utilise des cookies et d\u2019autres m\u00e9thodes de stockage aux fonctionnalit\u00e9s similaires (ci-apr\u00e8s d\u00e9nomm\u00e9 \u00abCookies\u00bb). Les cookies sont de petits \u00e9l\u00e9ments d\u2019information enregistr\u00e9s sur l\u2019appareil \u00e0 partir duquel le service est utilis\u00e9 et qui permettent \u00e0 CURIOSIFY de fournir certains services, tels que la possibilit\u00e9 [&hellip;]","og_url":"https:\/\/curiosifymagazine.com\/fr\/politique-de-confidentialite-et-cookies\/","og_site_name":"Curiosify","article_modified_time":"2019-09-10T15:22:21+00:00","twitter_card":"summary_large_image","twitter_misc":{"Dur\u00e9e de lecture estim\u00e9e":"4 minutes"},"schema":{"@context":"https:\/\/schema.org","@graph":[{"@type":"WebPage","@id":"https:\/\/curiosifymagazine.com\/fr\/politique-de-confidentialite-et-cookies\/","url":"https:\/\/curiosifymagazine.com\/fr\/politique-de-confidentialite-et-cookies\/","name":"Politique de confidentialit\u00e9 et cookies - Curiosify","isPartOf":{"@id":"https:\/\/curiosifymagazine.com\/fr\/#website"},"datePublished":"2019-09-10T15:22:20+00:00","dateModified":"2019-09-10T15:22:21+00:00","breadcrumb":{"@id":"https:\/\/curiosifymagazine.com\/fr\/politique-de-confidentialite-et-cookies\/#breadcrumb"},"inLanguage":"fr-FR","potentialAction":[{"@type":"ReadAction","target":["https:\/\/curiosifymagazine.com\/fr\/politique-de-confidentialite-et-cookies\/"]}]},{"@type":"BreadcrumbList","@id":"https:\/\/curiosifymagazine.com\/fr\/politique-de-confidentialite-et-cookies\/#breadcrumb","itemListElement":[{"@type":"ListItem","position":1,"name":"Portada","item":"https:\/\/curiosifymagazine.com\/fr\/"},{"@type":"ListItem","position":2,"name":"Politique de confidentialit\u00e9 et cookies"}]},{"@type":"WebSite","@id":"https:\/\/curiosifymagazine.com\/fr\/#website","url":"https:\/\/curiosifymagazine.com\/fr\/","name":"Curiosify","description":"Actualit\u00e9s curieuses \u00e0 gogo","publisher":{"@id":"https:\/\/curiosifymagazine.com\/fr\/#organization"},"potentialAction":[{"@type":"SearchAction","target":{"@type":"EntryPoint","urlTemplate":"https:\/\/curiosifymagazine.com\/fr\/?s={search_term_string}"},"query-input":"required name=search_term_string"}],"inLanguage":"fr-FR"},{"@type":"Organization","@id":"https:\/\/curiosifymagazine.com\/fr\/#organization","name":"Curiosify Magazine","url":"https:\/\/curiosifymagazine.com\/fr\/","logo":{"@type":"ImageObject","inLanguage":"fr-FR","@id":"https:\/\/curiosifymagazine.com\/fr\/#\/schema\/logo\/image\/","url":"https:\/\/curiosifymagazine.com\/wp-content\/uploads\/2019\/07\/logocuriosifynew2.png","contentUrl":"https:\/\/curiosifymagazine.com\/wp-content\/uploads\/2019\/07\/logocuriosifynew2.png","width":511,"height":78,"caption":"Curiosify Magazine"},"image":{"@id":"https:\/\/curiosifymagazine.com\/fr\/#\/schema\/logo\/image\/"}}]}},"featured_image_src":null,"featured_image_src_square":null,"_links":{"self":[{"href":"https:\/\/curiosifymagazine.com\/fr\/wp-json\/wp\/v2\/pages\/7770","targetHints":{"allow":["GET"]}}],"collection":[{"href":"https:\/\/curiosifymagazine.com\/fr\/wp-json\/wp\/v2\/pages"}],"about":[{"href":"https:\/\/curiosifymagazine.com\/fr\/wp-json\/wp\/v2\/types\/page"}],"author":[{"embeddable":true,"href":"https:\/\/curiosifymagazine.com\/fr\/wp-json\/wp\/v2\/users\/1"}],"replies":[{"embeddable":true,"href":"https:\/\/curiosifymagazine.com\/fr\/wp-json\/wp\/v2\/comments?post=7770"}],"version-history":[{"count":1,"href":"https:\/\/curiosifymagazine.com\/fr\/wp-json\/wp\/v2\/pages\/7770\/revisions"}],"predecessor-version":[{"id":7771,"href":"https:\/\/curiosifymagazine.com\/fr\/wp-json\/wp\/v2\/pages\/7770\/revisions\/7771"}],"wp:attachment":[{"href":"https:\/\/curiosifymagazine.com\/fr\/wp-json\/wp\/v2\/media?parent=7770"}],"curies":[{"name":"wp","href":"https:\/\/api.w.org\/{rel}","templated":true}]}}