{"id":10002,"date":"2020-02-07T11:15:40","date_gmt":"2020-02-07T09:15:40","guid":{"rendered":"https:\/\/curiosifymagazine.com\/?page_id=10002"},"modified":"2020-03-17T11:49:45","modified_gmt":"2020-03-17T09:49:45","slug":"10002-2","status":"publish","type":"page","link":"https:\/\/curiosifymagazine.com\/fr\/","title":{"rendered":"Home"},"content":{"rendered":"<section class=\"ab-block-post-grid featuredpost aligncenter\"><div class=\"ab-post-grid-items is-grid columns-2\"><article id=\"post-12229\" class=\"ab-post-grid-item post-12229 post type-post status-publish format-standard has-post-thumbnail category-a-la-une category-a-la-une-grande category-curiosites category-technologie category-viral-fr category-voyages tag-cyclisme tag-datetourdefrance tag-sport tag-tourdefrance entry\"><div class=\"ab-block-post-grid-image\"><a href=\"https:\/\/curiosifymagazine.com\/fr\/le-tour-de-france-2020-est-reporte-a-cause-du-coronavirus\/\" rel=\"bookmark\" aria-hidden=\"true\" tabindex=\"-1\"><img loading=\"lazy\" decoding=\"async\" width=\"626\" height=\"417\" src=\"https:\/\/curiosifymagazine.com\/wp-content\/uploads\/2020\/06\/grupo-silueta-hombres-montando-bicicleta-al-atardecer_36326-363.jpg\" class=\"attachment-full size-full\" alt=\"\" srcset=\"https:\/\/curiosifymagazine.com\/wp-content\/uploads\/2020\/06\/grupo-silueta-hombres-montando-bicicleta-al-atardecer_36326-363.jpg 626w, https:\/\/curiosifymagazine.com\/wp-content\/uploads\/2020\/06\/grupo-silueta-hombres-montando-bicicleta-al-atardecer_36326-363-300x200.jpg 300w, https:\/\/curiosifymagazine.com\/wp-content\/uploads\/2020\/06\/grupo-silueta-hombres-montando-bicicleta-al-atardecer_36326-363-600x400.jpg 600w\" sizes=\"auto, (max-width: 626px) 100vw, 626px\" \/><\/a><\/div><div class=\"ab-block-post-grid-text\"><header class=\"ab-block-post-grid-header\"><h3 class=\"ab-block-post-grid-title\"><a href=\"https:\/\/curiosifymagazine.com\/fr\/le-tour-de-france-2020-est-reporte-a-cause-du-coronavirus\/\" rel=\"bookmark\">Le Tour de France 2020 est report\u00e9 \u00e0 cause du Coronavirus<\/a><\/h3><div class=\"ab-block-post-grid-byline\"><div class=\"ab-block-post-grid-author\" itemprop=\"author\" itemtype=\"https:\/\/schema.org\/Person\"><a class=\"ab-text-link\" href=\"https:\/\/curiosifymagazine.com\/fr\/author\/sahar-ajjad\/\" itemprop=\"url\" rel=\"author\"><span itemprop=\"name\">Sahar Ajjab<\/span><\/a><\/div><time datetime=\"2020-06-10T18:54:17+02:00\" class=\"ab-block-post-grid-date\" itemprop=\"datePublished\">10 juin, 2020<\/time><\/div><\/header><div class=\"ab-block-post-grid-excerpt\"><p>Le Tour de France est un \u00e9v\u00e9nement sportif c\u00e9l\u00e9br\u00e9 dans le monde entier. Malheureusement, cette ann\u00e9e a tout chang\u00e9 et le Tour de France 2020 est report\u00e9.<\/p>\n<p><a class=\"ab-block-post-grid-more-link ab-text-link\" href=\"https:\/\/curiosifymagazine.com\/fr\/le-tour-de-france-2020-est-reporte-a-cause-du-coronavirus\/\" rel=\"bookmark\">Continuer la lecture <span class=\"screen-reader-text\">Le Tour de France 2020 est report\u00e9 \u00e0 cause du Coronavirus<\/span><\/a><\/p><\/div><\/div><\/article>\n<article id=\"post-12065\" class=\"ab-post-grid-item post-12065 post type-post status-publish format-standard has-post-thumbnail category-a-la-une category-a-la-une-grande category-curiosites category-viral-fr tag-blackouttuesday tag-etatsunis tag-georgefloyd tag-actualite tag-carrenoir tag-instagram entry\"><div class=\"ab-block-post-grid-image\"><a href=\"https:\/\/curiosifymagazine.com\/fr\/pourquoi-tout-le-monde-met-blackouttuesday-sur-instagram\/\" rel=\"bookmark\" aria-hidden=\"true\" tabindex=\"-1\"><img loading=\"lazy\" decoding=\"async\" width=\"572\" height=\"323\" src=\"https:\/\/curiosifymagazine.com\/wp-content\/uploads\/2020\/06\/Captura-de-pantalla-2020-06-03-a-las-18.00.31-1.png\" class=\"attachment-full size-full\" alt=\"\" srcset=\"https:\/\/curiosifymagazine.com\/wp-content\/uploads\/2020\/06\/Captura-de-pantalla-2020-06-03-a-las-18.00.31-1.png 572w, https:\/\/curiosifymagazine.com\/wp-content\/uploads\/2020\/06\/Captura-de-pantalla-2020-06-03-a-las-18.00.31-1-300x169.png 300w\" sizes=\"auto, (max-width: 572px) 100vw, 572px\" \/><\/a><\/div><div class=\"ab-block-post-grid-text\"><header class=\"ab-block-post-grid-header\"><h3 class=\"ab-block-post-grid-title\"><a href=\"https:\/\/curiosifymagazine.com\/fr\/pourquoi-tout-le-monde-met-blackouttuesday-sur-instagram\/\" rel=\"bookmark\">Pourquoi tout le monde met #BlackOutTuesday sur Instagram?<\/a><\/h3><div class=\"ab-block-post-grid-byline\"><div class=\"ab-block-post-grid-author\" itemprop=\"author\" itemtype=\"https:\/\/schema.org\/Person\"><a class=\"ab-text-link\" href=\"https:\/\/curiosifymagazine.com\/fr\/author\/sahar-ajjad\/\" itemprop=\"url\" rel=\"author\"><span itemprop=\"name\">Sahar Ajjab<\/span><\/a><\/div><time datetime=\"2020-06-03T18:15:46+02:00\" class=\"ab-block-post-grid-date\" itemprop=\"datePublished\">3 juin, 2020<\/time><\/div><\/header><div class=\"ab-block-post-grid-excerpt\"><p>Si vous utilisez Instagram, vous avez probablement remarqu\u00e9 que 70% du contenu hier concernait BlackOutTuesday. Mais, qu&rsquo;est ce qui se passe?<\/p>\n<p><a class=\"ab-block-post-grid-more-link ab-text-link\" href=\"https:\/\/curiosifymagazine.com\/fr\/pourquoi-tout-le-monde-met-blackouttuesday-sur-instagram\/\" rel=\"bookmark\">Continuer la lecture <span class=\"screen-reader-text\">Pourquoi tout le monde met #BlackOutTuesday sur Instagram?<\/span><\/a><\/p><\/div><\/div><\/article>\n<article id=\"post-11940\" class=\"ab-post-grid-item post-11940 post type-post status-publish format-standard has-post-thumbnail category-a-la-une category-a-la-une-grande category-curiosites category-voyages tag-essentielsduroadtrip tag-roadtrip tag-vacancesdete tag-voyagercetete entry\"><div class=\"ab-block-post-grid-image\"><a href=\"https:\/\/curiosifymagazine.com\/fr\/les-essentiels-du-road-trip-quil-ne-faut-pas-oublier-cet-ete\/\" rel=\"bookmark\" aria-hidden=\"true\" tabindex=\"-1\"><img loading=\"lazy\" decoding=\"async\" width=\"626\" height=\"417\" src=\"https:\/\/curiosifymagazine.com\/wp-content\/uploads\/2020\/05\/joven-pone-equipaje-cajuela-automovil_155027-629.jpg\" class=\"attachment-full size-full\" alt=\"\" srcset=\"https:\/\/curiosifymagazine.com\/wp-content\/uploads\/2020\/05\/joven-pone-equipaje-cajuela-automovil_155027-629.jpg 626w, https:\/\/curiosifymagazine.com\/wp-content\/uploads\/2020\/05\/joven-pone-equipaje-cajuela-automovil_155027-629-300x200.jpg 300w, https:\/\/curiosifymagazine.com\/wp-content\/uploads\/2020\/05\/joven-pone-equipaje-cajuela-automovil_155027-629-600x400.jpg 600w\" sizes=\"auto, (max-width: 626px) 100vw, 626px\" \/><\/a><\/div><div class=\"ab-block-post-grid-text\"><header class=\"ab-block-post-grid-header\"><h3 class=\"ab-block-post-grid-title\"><a href=\"https:\/\/curiosifymagazine.com\/fr\/les-essentiels-du-road-trip-quil-ne-faut-pas-oublier-cet-ete\/\" rel=\"bookmark\">Les essentiels du road-trip qu&rsquo;il ne faut pas oublier cet \u00e9t\u00e9<\/a><\/h3><div class=\"ab-block-post-grid-byline\"><div class=\"ab-block-post-grid-author\" itemprop=\"author\" itemtype=\"https:\/\/schema.org\/Person\"><a class=\"ab-text-link\" href=\"https:\/\/curiosifymagazine.com\/fr\/author\/sahar-ajjad\/\" itemprop=\"url\" rel=\"author\"><span itemprop=\"name\">Sahar Ajjab<\/span><\/a><\/div><time datetime=\"2020-05-27T19:20:01+02:00\" class=\"ab-block-post-grid-date\" itemprop=\"datePublished\">27 mai, 2020<\/time><\/div><\/header><div class=\"ab-block-post-grid-excerpt\"><p>Si vous pr\u00e9voyez bient\u00f4t un voyage de vacances, voici un guide des essentiels du road-trip que vous ne devriez pas oublier cet \u00e9t\u00e9.<\/p>\n<p><a class=\"ab-block-post-grid-more-link ab-text-link\" href=\"https:\/\/curiosifymagazine.com\/fr\/les-essentiels-du-road-trip-quil-ne-faut-pas-oublier-cet-ete\/\" rel=\"bookmark\">Continuer la lecture <span class=\"screen-reader-text\">Les essentiels du road-trip qu&rsquo;il ne faut pas oublier cet \u00e9t\u00e9<\/span><\/a><\/p><\/div><\/div><\/article>\n<article id=\"post-11728\" class=\"ab-post-grid-item post-11728 post type-post status-publish format-standard has-post-thumbnail category-a-la-une category-a-la-une-grande category-curiosites category-tendances category-viral-fr tag-coronavirus tag-deconfinementenfrance tag-iledefrance tag-lesmasques tag-metro13 tag-paris entry\"><div class=\"ab-block-post-grid-image\"><a href=\"https:\/\/curiosifymagazine.com\/fr\/le-deconfinement-en-france-est-il-encore-trop-tot\/\" rel=\"bookmark\" aria-hidden=\"true\" tabindex=\"-1\"><img loading=\"lazy\" decoding=\"async\" width=\"510\" height=\"340\" src=\"https:\/\/curiosifymagazine.com\/wp-content\/uploads\/2020\/05\/girl-3954232__340.jpg\" class=\"attachment-full size-full\" alt=\"\" srcset=\"https:\/\/curiosifymagazine.com\/wp-content\/uploads\/2020\/05\/girl-3954232__340.jpg 510w, https:\/\/curiosifymagazine.com\/wp-content\/uploads\/2020\/05\/girl-3954232__340-300x200.jpg 300w\" sizes=\"auto, (max-width: 510px) 100vw, 510px\" \/><\/a><\/div><div class=\"ab-block-post-grid-text\"><header class=\"ab-block-post-grid-header\"><h3 class=\"ab-block-post-grid-title\"><a href=\"https:\/\/curiosifymagazine.com\/fr\/le-deconfinement-en-france-est-il-encore-trop-tot\/\" rel=\"bookmark\">Le d\u00e9confinement en France: Est-il encore trop t\u00f4t?<\/a><\/h3><div class=\"ab-block-post-grid-byline\"><div class=\"ab-block-post-grid-author\" itemprop=\"author\" itemtype=\"https:\/\/schema.org\/Person\"><a class=\"ab-text-link\" href=\"https:\/\/curiosifymagazine.com\/fr\/author\/sahar-ajjad\/\" itemprop=\"url\" rel=\"author\"><span itemprop=\"name\">Sahar Ajjab<\/span><\/a><\/div><time datetime=\"2020-05-13T13:00:00+02:00\" class=\"ab-block-post-grid-date\" itemprop=\"datePublished\">13 mai, 2020<\/time><\/div><\/header><div class=\"ab-block-post-grid-excerpt\"><p>Cette semaine marque le d\u00e9but du d\u00e9confinement en France.Voici les r\u00e9actions des citoyens, que nous a laiss\u00e9 le premier jour.<\/p>\n<p><a class=\"ab-block-post-grid-more-link ab-text-link\" href=\"https:\/\/curiosifymagazine.com\/fr\/le-deconfinement-en-france-est-il-encore-trop-tot\/\" rel=\"bookmark\">Continuer la lecture <span class=\"screen-reader-text\">Le d\u00e9confinement en France: Est-il encore trop t\u00f4t?<\/span><\/a><\/p><\/div><\/div><\/article>\n<article id=\"post-11478\" class=\"ab-post-grid-item post-11478 post type-post status-publish format-standard has-post-thumbnail category-a-la-une category-a-la-une-grande category-curiosites category-finance-fr category-viral-fr category-voyages tag-billetsdavionpluscher tag-compagniesaeriennes tag-criseducoronavirus tag-curiosites tag-voyager tag-voyagesfrance entry\"><div class=\"ab-block-post-grid-image\"><a href=\"https:\/\/curiosifymagazine.com\/fr\/pourquoi-les-billets-davion-seront-plus-chers-manitenant\/\" rel=\"bookmark\" aria-hidden=\"true\" tabindex=\"-1\"><img loading=\"lazy\" decoding=\"async\" width=\"400\" height=\"267\" src=\"https:\/\/curiosifymagazine.com\/wp-content\/uploads\/2020\/04\/photo-1586441133374-ed1cb4007a47.jpeg\" class=\"attachment-full size-full\" alt=\"\" srcset=\"https:\/\/curiosifymagazine.com\/wp-content\/uploads\/2020\/04\/photo-1586441133374-ed1cb4007a47.jpeg 400w, https:\/\/curiosifymagazine.com\/wp-content\/uploads\/2020\/04\/photo-1586441133374-ed1cb4007a47-300x200.jpeg 300w\" sizes=\"auto, (max-width: 400px) 100vw, 400px\" \/><\/a><\/div><div class=\"ab-block-post-grid-text\"><header class=\"ab-block-post-grid-header\"><h3 class=\"ab-block-post-grid-title\"><a href=\"https:\/\/curiosifymagazine.com\/fr\/pourquoi-les-billets-davion-seront-plus-chers-manitenant\/\" rel=\"bookmark\">Pourquoi les billets d&rsquo;avion seront plus chers manitenant?<\/a><\/h3><div class=\"ab-block-post-grid-byline\"><div class=\"ab-block-post-grid-author\" itemprop=\"author\" itemtype=\"https:\/\/schema.org\/Person\"><a class=\"ab-text-link\" href=\"https:\/\/curiosifymagazine.com\/fr\/author\/sahar-ajjad\/\" itemprop=\"url\" rel=\"author\"><span itemprop=\"name\">Sahar Ajjab<\/span><\/a><\/div><time datetime=\"2020-04-30T19:25:22+02:00\" class=\"ab-block-post-grid-date\" itemprop=\"datePublished\">30 avril, 2020<\/time><\/div><\/header><div class=\"ab-block-post-grid-excerpt\"><p>Malheureusement, voyager ne sera plus jamais le m\u00eame. La crise du coronavirus va rendre les billets d&rsquo;avion plus chers, et nous vous expliquons pourquoi!<\/p>\n<p><a class=\"ab-block-post-grid-more-link ab-text-link\" href=\"https:\/\/curiosifymagazine.com\/fr\/pourquoi-les-billets-davion-seront-plus-chers-manitenant\/\" rel=\"bookmark\">Continuer la lecture <span class=\"screen-reader-text\">Pourquoi les billets d&rsquo;avion seront plus chers manitenant?<\/span><\/a><\/p><\/div><\/div><\/article>\n<article id=\"post-11291\" class=\"ab-post-grid-item post-11291 post type-post status-publish format-standard has-post-thumbnail category-a-la-une category-a-la-une-grande category-curiosites category-tendances category-viral-fr category-voyages tag-coronavirusvoyage tag-espaceschengen tag-eteenconfinement tag-possibledevoyagerhorsfrance tag-voyage entry\"><div class=\"ab-block-post-grid-image\"><a href=\"https:\/\/curiosifymagazine.com\/fr\/voyager-hors-france-cet-ete-possible-ou-pas\/\" rel=\"bookmark\" aria-hidden=\"true\" tabindex=\"-1\"><img loading=\"lazy\" decoding=\"async\" width=\"510\" height=\"340\" src=\"https:\/\/curiosifymagazine.com\/wp-content\/uploads\/2020\/04\/nice-4546506__340.jpg\" class=\"attachment-full size-full\" alt=\"\" srcset=\"https:\/\/curiosifymagazine.com\/wp-content\/uploads\/2020\/04\/nice-4546506__340.jpg 510w, https:\/\/curiosifymagazine.com\/wp-content\/uploads\/2020\/04\/nice-4546506__340-300x200.jpg 300w\" sizes=\"auto, (max-width: 510px) 100vw, 510px\" \/><\/a><\/div><div class=\"ab-block-post-grid-text\"><header class=\"ab-block-post-grid-header\"><h3 class=\"ab-block-post-grid-title\"><a href=\"https:\/\/curiosifymagazine.com\/fr\/voyager-hors-france-cet-ete-possible-ou-pas\/\" rel=\"bookmark\">Voyager hors France cet \u00e9t\u00e9, possible ou pas?<\/a><\/h3><div class=\"ab-block-post-grid-byline\"><div class=\"ab-block-post-grid-author\" itemprop=\"author\" itemtype=\"https:\/\/schema.org\/Person\"><a class=\"ab-text-link\" href=\"https:\/\/curiosifymagazine.com\/fr\/author\/sahar-ajjad\/\" itemprop=\"url\" rel=\"author\"><span itemprop=\"name\">Sahar Ajjab<\/span><\/a><\/div><time datetime=\"2020-04-22T16:52:17+02:00\" class=\"ab-block-post-grid-date\" itemprop=\"datePublished\">22 avril, 2020<\/time><\/div><\/header><div class=\"ab-block-post-grid-excerpt\"><p>Avec cette crise du Coronavirus, tout a chang\u00e9 cette ann\u00e9e. Voici ce que nous savons sur la possibilit\u00e9 de voyager hors France cet \u00e9t\u00e9.<\/p>\n<p><a class=\"ab-block-post-grid-more-link ab-text-link\" href=\"https:\/\/curiosifymagazine.com\/fr\/voyager-hors-france-cet-ete-possible-ou-pas\/\" rel=\"bookmark\">Continuer la lecture <span class=\"screen-reader-text\">Voyager hors France cet \u00e9t\u00e9, possible ou pas?<\/span><\/a><\/p><\/div><\/div><\/article>\n<\/div><\/section>","protected":false},"excerpt":{"rendered":"","protected":false},"author":1,"featured_media":0,"parent":0,"menu_order":0,"comment_status":"closed","ping_status":"closed","template":"","meta":{"_genesis_hide_title":true,"_genesis_hide_breadcrumbs":false,"_genesis_hide_singular_image":false,"_genesis_hide_footer_widgets":false,"_genesis_custom_body_class":"","_genesis_custom_post_class":"","_genesis_layout":"content-sidebar","footnotes":""},"class_list":{"0":"post-10002","1":"page","2":"type-page","3":"status-publish","5":"entry"},"yoast_head":"<!-- This site is optimized with the Yoast SEO plugin v20.8 - https:\/\/yoast.com\/wordpress\/plugins\/seo\/ -->\n<title>Home - Curiosify<\/title>\n<meta name=\"robots\" content=\"index, follow, max-snippet:-1, max-image-preview:large, max-video-preview:-1\" \/>\n<link rel=\"canonical\" href=\"https:\/\/curiosifymagazine.com\/fr\/\" \/>\n<meta property=\"og:locale\" content=\"fr_FR\" \/>\n<meta property=\"og:type\" content=\"article\" \/>\n<meta property=\"og:title\" content=\"Home - Curiosify\" \/>\n<meta property=\"og:url\" content=\"https:\/\/curiosifymagazine.com\/fr\/\" \/>\n<meta property=\"og:site_name\" content=\"Curiosify\" \/>\n<meta property=\"article:modified_time\" content=\"2020-03-17T09:49:45+00:00\" \/>\n<meta name=\"twitter:card\" content=\"summary_large_image\" \/>\n<script type=\"application\/ld+json\" class=\"yoast-schema-graph\">{\"@context\":\"https:\/\/schema.org\",\"@graph\":[{\"@type\":\"WebPage\",\"@id\":\"https:\/\/curiosifymagazine.com\/fr\/\",\"url\":\"https:\/\/curiosifymagazine.com\/fr\/\",\"name\":\"Home - Curiosify\",\"isPartOf\":{\"@id\":\"https:\/\/curiosifymagazine.com\/fr\/#website\"},\"datePublished\":\"2020-02-07T09:15:40+00:00\",\"dateModified\":\"2020-03-17T09:49:45+00:00\",\"breadcrumb\":{\"@id\":\"https:\/\/curiosifymagazine.com\/fr\/#breadcrumb\"},\"inLanguage\":\"fr-FR\",\"potentialAction\":[{\"@type\":\"ReadAction\",\"target\":[\"https:\/\/curiosifymagazine.com\/fr\/\"]}]},{\"@type\":\"BreadcrumbList\",\"@id\":\"https:\/\/curiosifymagazine.com\/fr\/#breadcrumb\",\"itemListElement\":[{\"@type\":\"ListItem\",\"position\":1,\"name\":\"Portada\",\"item\":\"https:\/\/curiosifymagazine.com\/fr\/\"},{\"@type\":\"ListItem\",\"position\":2,\"name\":\"Home\"}]},{\"@type\":\"WebSite\",\"@id\":\"https:\/\/curiosifymagazine.com\/fr\/#website\",\"url\":\"https:\/\/curiosifymagazine.com\/fr\/\",\"name\":\"Curiosify\",\"description\":\"Actualit\u00e9s curieuses \u00e0 gogo\",\"publisher\":{\"@id\":\"https:\/\/curiosifymagazine.com\/fr\/#organization\"},\"potentialAction\":[{\"@type\":\"SearchAction\",\"target\":{\"@type\":\"EntryPoint\",\"urlTemplate\":\"https:\/\/curiosifymagazine.com\/fr\/?s={search_term_string}\"},\"query-input\":\"required name=search_term_string\"}],\"inLanguage\":\"fr-FR\"},{\"@type\":\"Organization\",\"@id\":\"https:\/\/curiosifymagazine.com\/fr\/#organization\",\"name\":\"Curiosify Magazine\",\"url\":\"https:\/\/curiosifymagazine.com\/fr\/\",\"logo\":{\"@type\":\"ImageObject\",\"inLanguage\":\"fr-FR\",\"@id\":\"https:\/\/curiosifymagazine.com\/fr\/#\/schema\/logo\/image\/\",\"url\":\"https:\/\/curiosifymagazine.com\/wp-content\/uploads\/2019\/07\/logocuriosifynew2.png\",\"contentUrl\":\"https:\/\/curiosifymagazine.com\/wp-content\/uploads\/2019\/07\/logocuriosifynew2.png\",\"width\":511,\"height\":78,\"caption\":\"Curiosify Magazine\"},\"image\":{\"@id\":\"https:\/\/curiosifymagazine.com\/fr\/#\/schema\/logo\/image\/\"}}]}<\/script>\n<!-- \/ Yoast SEO plugin. -->","yoast_head_json":{"title":"Home - Curiosify","robots":{"index":"index","follow":"follow","max-snippet":"max-snippet:-1","max-image-preview":"max-image-preview:large","max-video-preview":"max-video-preview:-1"},"canonical":"https:\/\/curiosifymagazine.com\/fr\/","og_locale":"fr_FR","og_type":"article","og_title":"Home - Curiosify","og_url":"https:\/\/curiosifymagazine.com\/fr\/","og_site_name":"Curiosify","article_modified_time":"2020-03-17T09:49:45+00:00","twitter_card":"summary_large_image","schema":{"@context":"https:\/\/schema.org","@graph":[{"@type":"WebPage","@id":"https:\/\/curiosifymagazine.com\/fr\/","url":"https:\/\/curiosifymagazine.com\/fr\/","name":"Home - Curiosify","isPartOf":{"@id":"https:\/\/curiosifymagazine.com\/fr\/#website"},"datePublished":"2020-02-07T09:15:40+00:00","dateModified":"2020-03-17T09:49:45+00:00","breadcrumb":{"@id":"https:\/\/curiosifymagazine.com\/fr\/#breadcrumb"},"inLanguage":"fr-FR","potentialAction":[{"@type":"ReadAction","target":["https:\/\/curiosifymagazine.com\/fr\/"]}]},{"@type":"BreadcrumbList","@id":"https:\/\/curiosifymagazine.com\/fr\/#breadcrumb","itemListElement":[{"@type":"ListItem","position":1,"name":"Portada","item":"https:\/\/curiosifymagazine.com\/fr\/"},{"@type":"ListItem","position":2,"name":"Home"}]},{"@type":"WebSite","@id":"https:\/\/curiosifymagazine.com\/fr\/#website","url":"https:\/\/curiosifymagazine.com\/fr\/","name":"Curiosify","description":"Actualit\u00e9s curieuses \u00e0 gogo","publisher":{"@id":"https:\/\/curiosifymagazine.com\/fr\/#organization"},"potentialAction":[{"@type":"SearchAction","target":{"@type":"EntryPoint","urlTemplate":"https:\/\/curiosifymagazine.com\/fr\/?s={search_term_string}"},"query-input":"required name=search_term_string"}],"inLanguage":"fr-FR"},{"@type":"Organization","@id":"https:\/\/curiosifymagazine.com\/fr\/#organization","name":"Curiosify Magazine","url":"https:\/\/curiosifymagazine.com\/fr\/","logo":{"@type":"ImageObject","inLanguage":"fr-FR","@id":"https:\/\/curiosifymagazine.com\/fr\/#\/schema\/logo\/image\/","url":"https:\/\/curiosifymagazine.com\/wp-content\/uploads\/2019\/07\/logocuriosifynew2.png","contentUrl":"https:\/\/curiosifymagazine.com\/wp-content\/uploads\/2019\/07\/logocuriosifynew2.png","width":511,"height":78,"caption":"Curiosify Magazine"},"image":{"@id":"https:\/\/curiosifymagazine.com\/fr\/#\/schema\/logo\/image\/"}}]}},"featured_image_src":null,"featured_image_src_square":null,"_links":{"self":[{"href":"https:\/\/curiosifymagazine.com\/fr\/wp-json\/wp\/v2\/pages\/10002","targetHints":{"allow":["GET"]}}],"collection":[{"href":"https:\/\/curiosifymagazine.com\/fr\/wp-json\/wp\/v2\/pages"}],"about":[{"href":"https:\/\/curiosifymagazine.com\/fr\/wp-json\/wp\/v2\/types\/page"}],"author":[{"embeddable":true,"href":"https:\/\/curiosifymagazine.com\/fr\/wp-json\/wp\/v2\/users\/1"}],"replies":[{"embeddable":true,"href":"https:\/\/curiosifymagazine.com\/fr\/wp-json\/wp\/v2\/comments?post=10002"}],"version-history":[{"count":3,"href":"https:\/\/curiosifymagazine.com\/fr\/wp-json\/wp\/v2\/pages\/10002\/revisions"}],"predecessor-version":[{"id":10633,"href":"https:\/\/curiosifymagazine.com\/fr\/wp-json\/wp\/v2\/pages\/10002\/revisions\/10633"}],"wp:attachment":[{"href":"https:\/\/curiosifymagazine.com\/fr\/wp-json\/wp\/v2\/media?parent=10002"}],"curies":[{"name":"wp","href":"https:\/\/api.w.org\/{rel}","templated":true}]}}